{"id":334,"date":"2015-03-09T10:56:44","date_gmt":"2015-03-09T10:56:44","guid":{"rendered":"http:\/\/vietcao.local\/structure\/?page_id=334"},"modified":"2021-05-07T16:42:35","modified_gmt":"2021-05-07T16:42:35","slug":"design-build-package","status":"publish","type":"page","link":"https:\/\/bosilj-krovista.hr\/index.php\/services\/design-build-package\/","title":{"rendered":"Krovni pokrovi"},"content":{"rendered":"<section class=\"wpb-content-wrapper\"><p>[vc_row el_class=&#8221;big-quote-2&#8243; css=&#8221;.vc_custom_1433555422821{margin-bottom: 30px !important;}&#8221;][vc_column][vc_column_text]Nebrojene su kombinacije izrade krova i krovnih pokrova, jo\u0161 je toliko razli\u010ditih na\u010dina kombiniranja s ostalim krovopokriva\u010dkim stvarima kao \u0161to su krovni pokrov, krovna limarija, ukrasni crijep, krovni prozori i jo\u0161 neki detalji, poku\u0161at \u0107emo malo pomo\u0107i oko ove vrlo op\u0161irne teme.[\/vc_column_text][\/vc_column][\/vc_row][vc_row css=&#8221;.vc_custom_1433128555329{margin-bottom: 50px !important;}&#8221;][vc_column][vc_images_carousel images=&#8221;487,488,491&#8243; img_size=&#8221;870&#215;460&#8243; onclick=&#8221;link_no&#8221; autoplay=&#8221;yes&#8221; hide_prev_next_buttons=&#8221;yes&#8221; el_class=&#8221;images-carousel-2&#8243;][\/vc_column][\/vc_row][vc_row css=&#8221;.vc_custom_1433128525365{margin-top: 0px !important;margin-bottom: 40px !important;}&#8221;][vc_column][vc_custom_heading text=&#8221;VRSTE KROVOVA&#8221; font_container=&#8221;tag:h2|font_size:20|text_align:left&#8221; el_class=&#8221;heading-title-3&#8243;][vc_column_text]Prema vrsti i veli\u010dini pojedine zgrade, njezinom tlocrtnom obliku i polo\u017eaju, a s obzirom na prakti\u010dne potrebe i estetske zahtjeve, izra\u0111uju se razli\u010dite vrste krovova, odnosno njihovih krovi\u0161ta. Razlike se o\u010dituju najvi\u0161e po jednostavnijim ili kompliciranijim tlocrtnim konturama zgrada, koje uvjetuju broj krovnih streha i ra\u0161\u010dlanjenost krovova. Neke se opet vrste krovi\u0161ta rade iz posebnih oblika, kao varijante nekih osnovnih oblika.<\/p>\n<p>S obzirom na spomenute karakteristeke oblagat \u0107e se krovne konstrukcije (krovi\u0161ta) razli\u010ditih krovova svrstanih ovim redom;<\/p>\n<p>&#8211; jednostre\u0161ni krovovi<br \/>\n&#8211; dvostre\u0161ni krovovi<br \/>\n&#8211; vi\u0161estre\u0161ni krovovi<br \/>\n&#8211; slo\u017eeni ili ra\u0161\u010dlanjeni krovovi<br \/>\n&#8211; \u0161atorasti i kri\u017eni krovovi<br \/>\n&#8211; tornjevi i kupole<br \/>\n&#8211; lomljeni i mansardni krovovi<br \/>\n&#8211; nazup\u010dani ili \u0161ed-krovovi<br \/>\n&#8211; bazilikalni krovovi<br \/>\n&#8211; zaobljeni krovovi[\/vc_column_text][vc_custom_heading text=&#8221;VRSTE POKROVA&#8221; font_container=&#8221;tag:h2|font_size:20|text_align:left&#8221; el_class=&#8221;heading-title-3&#8243; css=&#8221;.vc_custom_1610203214358{padding-top: 30px !important;}&#8221;][vc_column_text]Specijalisti smo za razli\u010dite krovne pokrove &#8211; bez obzira radi li se o bilo kojoj vrsti pre\u0161anog, vu\u010denog, vu\u010denog crijepa s utorom ili pak limenog pokrova, na\u0161e iskusne ekipe prekriti \u0107e Va\u0161 objekt brzo, kvalitetno i precizno.<\/p>\n<p>Od glinenih crijepova preporu\u010damo: 2006creaton, nexe, tondach logo, kikinda, coto<\/p>\n<p>Od betonskih crijepova preporu\u010damo: bramac, LOGO-Mediterran1, leier<\/p>\n<p>Unazad nekoliko godina, zahvaljuju\u0107i izvrsnim karakteristikama i kvaliteti materijala, do\u0161lo je do popularizacije limenih pokrova. Tu se zapravo radi o pocin\u010danom ili aluminijskom limu sa dizajnom imitacije crijepa. Prednost takvih pokrova je visoka kvaliteta i dugotrajnost materijala (garancije do 50 godina), mnogustruko manje te\u017eine u odnosu na ostale pokrovne materijale, veliki izbor boja i prate\u0107e limarije, odli\u010dna za\u0161tita od vremenskih uvjeta itd.<\/p>\n<p>Od limenih pokrova preporu\u010damo: kjg, hmetal<\/p>\n<p>Karakteristike materijala:<br \/>\n&#8211; visoka kvaliteta i digotrajnost materijala, garancija do 50 godina<br \/>\n&#8211; vi\u0161estruko manja te\u017eina (i do 10 puta) od ostalih pokrovnih materijala kao \u0161to je primjerice crijep, \u010dime se vr\u0161i manje optere\u010denje krovi\u0161ta i statike ku\u0107e<br \/>\n&#8211; materijal je presvu\u010den sa nekoliko za\u0161titnih slojeva, za\u0161tita od vremenskih uvjeta, zvu\u010dna izolacija&#8230;<br \/>\n&#8211; velika paleta boja krovi\u0161ta na izbor<br \/>\n&#8211; odvodni sustavi, obloge dimnjaka, rubovi krova, snjegobrani u istoj boji krova[\/vc_column_text][\/vc_column][\/vc_row]<\/p>\n<\/section>","protected":false},"excerpt":{"rendered":"<p>[vc_row el_class=&#8221;big-quote-2&#8243; css=&#8221;.vc_custom_1433555422821{margin-bottom: 30px !important;}&#8221;][vc_column][vc_column_text]Nebrojene su kombinacije izrade krova i krovnih pokrova, jo\u0161 je toliko razli\u010ditih na\u010dina kombiniranja s ostalim krovopokriva\u010dkim stvarima kao \u0161to su krovni pokrov, krovna limarija, ukrasni crijep, krovni prozori i jo\u0161 neki detalji, poku\u0161at \u0107emo malo pomo\u0107i oko ove vrlo op\u0161irne teme.[\/vc_column_text][\/vc_column][\/vc_row][vc_row css=&#8221;.vc_custom_1433128555329{margin-bottom: 50px !important;}&#8221;][vc_column][vc_images_carousel images=&#8221;487,488,491&#8243; img_size=&#8221;870&#215;460&#8243; onclick=&#8221;link_no&#8221; autoplay=&#8221;yes&#8221; hide_prev_next_buttons=&#8221;yes&#8221; el_class=&#8221;images-carousel-2&#8243;][\/vc_column][\/vc_row][vc_row [&hellip;]<\/p>\n","protected":false},"author":1,"featured_media":0,"parent":59,"menu_order":0,"comment_status":"closed","ping_status":"closed","template":"","meta":{"footnotes":""},"class_list":["post-334","page","type-page","status-publish","hentry"],"_links":{"self":[{"href":"https:\/\/bosilj-krovista.hr\/index.php\/wp-json\/wp\/v2\/pages\/334","targetHints":{"allow":["GET"]}}],"collection":[{"href":"https:\/\/bosilj-krovista.hr\/index.php\/wp-json\/wp\/v2\/pages"}],"about":[{"href":"https:\/\/bosilj-krovista.hr\/index.php\/wp-json\/wp\/v2\/types\/page"}],"author":[{"embeddable":true,"href":"https:\/\/bosilj-krovista.hr\/index.php\/wp-json\/wp\/v2\/users\/1"}],"replies":[{"embeddable":true,"href":"https:\/\/bosilj-krovista.hr\/index.php\/wp-json\/wp\/v2\/comments?post=334"}],"version-history":[{"count":7,"href":"https:\/\/bosilj-krovista.hr\/index.php\/wp-json\/wp\/v2\/pages\/334\/revisions"}],"predecessor-version":[{"id":75504,"href":"https:\/\/bosilj-krovista.hr\/index.php\/wp-json\/wp\/v2\/pages\/334\/revisions\/75504"}],"up":[{"embeddable":true,"href":"https:\/\/bosilj-krovista.hr\/index.php\/wp-json\/wp\/v2\/pages\/59"}],"wp:attachment":[{"href":"https:\/\/bosilj-krovista.hr\/index.php\/wp-json\/wp\/v2\/media?parent=334"}],"curies":[{"name":"wp","href":"https:\/\/api.w.org\/{rel}","templated":true}]}}