{"id":61,"date":"2015-03-02T04:38:49","date_gmt":"2015-03-01T21:38:49","guid":{"rendered":"http:\/\/vietcao.local\/structure\/?page_id=61"},"modified":"2025-01-08T16:22:00","modified_gmt":"2025-01-08T16:22:00","slug":"company","status":"publish","type":"page","link":"https:\/\/bosilj-krovista.hr\/index.php\/company\/","title":{"rendered":"Tvrtka"},"content":{"rendered":"<section class=\"wpb-content-wrapper\"><p>[vc_row css=&#8221;.vc_custom_1433564201242{margin-top: 20px !important;margin-bottom: 70px !important;}&#8221;][vc_column width=&#8221;1\/4&#8243;][vc_column_text][vc_widget_sidebar sidebar_id=&#8221;sidebar&#8221;][\/vc_column_text][\/vc_column][vc_column width=&#8221;3\/4&#8243;][vc_custom_heading text=&#8221;O nama&#8221; font_container=&#8221;tag:h2|font_size:20|text_align:left|color:%23111111&#8243; el_class=&#8221;heading-title-3&#8243;][vc_column_text]<strong>Bosilj d.o.o.<\/strong> je obiteljska tvrtka registrirana 2006. godine kao rezultat dugogodi\u0161njeg majstorskog iskustva svojih osniva\u010da. U vlasni\u0161tvu je bra\u0107e Krunoslava i Stjepana Bosilj sa podjednakim udjelima u imovini.<\/p>\n<p>Dosada\u0161nje iskustvo i trendovi tr\u017ei\u0161ta zahtijevaju usavr\u0161avanje i \u0161kolovanje na\u0161ih zaposlenika u radu s najnovijim materijalima i tehnologijama, pa tako tvrtka trenutno zapo\u0161ljava 6 ljudi, redom majstora i dobrih poznavaoca struke. Osim za standardne krovopokriva\u010dke radove ovla\u0161teni smo i za postavljanje Velux krovnih prozora, te smo ponosni \u010dlna kluba Velux majstora.<\/p>\n<p>Bazirani smo na sjeverozapadu zemlje, no na\u0161e usluge ponosno pru\u017eamo na podru\u010dju cijele Republike Hrvatske i izvan nje.<\/p>\n<p>Redovito ula\u017eemo u modernizaciju i obnavljanje automatskog i ru\u010dnog alata, pa raspola\u017eemo sa dvije TopLift krovne dizalice i svim potrebnim tesarskim i krovopokriva\u010dkim alatom.<br \/>\nUz to posjedujemo i radni stroj Manitu 1432 roto koji ima mogu\u0107nost dizanja 3,5t 14 m u visinu, a osim toga u strojnom parku je i dizalica Claas 32m, nosivosti 1 tone.<\/p>\n<p>Tako\u0111er, sa modernim voznim parkom prepoznatljivi smo i na cesti. Provjerite, mo\u017eda smo ve\u0107 danas u Va\u0161em susjedstvu, ako ba\u0161 u tom trenu ne radimo ure\u0111enje interijera po raznim kruzerima diljem EU.. Hamburgu, Papenurg, Genoa, Marseille, Emshaven, Bremenhaven itd.<\/p>\n<p><strong>Obratite nam se s povjerenjem.<\/strong>[\/vc_column_text][vc_single_image image=&#8221;75350&#8243; img_size=&#8221;full&#8221; alignment=&#8221;center&#8221; style=&#8221;vc_box_shadow&#8221; css=&#8221;.vc_custom_1610194854684{padding-top: 10px !important;padding-bottom: 10px !important;}&#8221;][vc_custom_heading text=&#8221;Op\u0107i podaci&#8221; font_container=&#8221;tag:h4|font_size:20|text_align:left|color:%23111111&#8243; el_class=&#8221;heading-title-3&#8243; css=&#8221;.vc_custom_1610195302634{margin-top: 30px !important;}&#8221;][vc_row_inner el_class=&#8221;align-center .certifications-block&#8221;][vc_column_inner width=&#8221;1\/3&#8243;][vc_column_text]<img decoding=\"async\" src=\"http:\/\/vietcao.local\/structure\/data\/homev2\/about03.jpg\" alt=\"\" \/><\/p>\n<h4 style=\"text-align: left;\">LOKACIJE<\/h4>\n<p style=\"text-align: left;\">Bosilj d.o.o.<br \/>\nSjedi\u0161te: Vidovec, Stjepana Radi\u0107a 114\/1<br \/>\nTel.\/fax: +385 (0) 42 741 497<br \/>\nPJ Beletinec: Beletinec, Radni\u010dka 35<\/p>\n<div id=\"gtx-trans\" style=\"position: absolute; left: -17px; top: 35.2656px;\">\n<div class=\"gtx-trans-icon\"><\/div>\n<\/div>\n<p>[\/vc_column_text][\/vc_column_inner][vc_column_inner width=&#8221;1\/3&#8243;][vc_column_text]<img decoding=\"async\" src=\"http:\/\/vietcao.local\/structure\/data\/homev2\/about04.jpg\" alt=\"\" \/><\/p>\n<h4 style=\"text-align: left;\">KONTAKTI<\/h4>\n<p style=\"text-align: left;\">mob. <strong>+385 (0) 99 214 99 28<\/strong> Kruno Bosilj<br \/>\nmob. <strong>+385 (0) 99 332 06 90<\/strong>\u00a0Stjepan Bosilj<br \/>\ne-mail: <strong>kruno.bosilj@gmail.com<\/strong><\/p>\n<div id=\"gtx-trans\" style=\"position: absolute; left: -23px; top: 35.2656px;\">\n<div class=\"gtx-trans-icon\"><\/div>\n<\/div>\n<p>[\/vc_column_text][\/vc_column_inner][vc_column_inner width=&#8221;1\/3&#8243;][vc_column_text]<img decoding=\"async\" src=\"http:\/\/vietcao.local\/structure\/data\/homev2\/about05.jpg\" alt=\"\" \/><\/p>\n<h4 style=\"text-align: left;\">POSLOVNI INFO<\/h4>\n<p style=\"text-align: left;\">OIB: 31698636076<br \/>\n\u017diro rn: HR23600001101737920 ZABA<br \/>\nMati\u010dni broj: 2052245<br \/>\nMBS: 070073246<\/p>\n<div id=\"gtx-trans\" style=\"position: absolute; left: -20px; top: 35.2656px;\">\n<div class=\"gtx-trans-icon\"><\/div>\n<\/div>\n<p>[\/vc_column_text][\/vc_column_inner][\/vc_row_inner][\/vc_column][\/vc_row][vc_row el_class=&#8221;intro4 align-center min-box&#8221; full_width=&#8221;stretch_row_content&#8221; css=&#8221;.vc_custom_1610194287609{margin-bottom: 0px !important;background-color: #dd3333 !important;}&#8221;][vc_column width=&#8221;2\/3&#8243;][vc_custom_heading text=&#8221;Trebate vrhunskog izvo\u0111a\u010da krovopokriva\u010dkih radova?&#8221; font_container=&#8221;tag:h3|font_size:22|text_align:center|color:%23ffffff&#8221;][\/vc_column][vc_column width=&#8221;1\/3&#8243;][vc_btn title=&#8221;Na\u0161li ste ga! Zatra\u017eite ponudu!&#8221; style=&#8221;outline&#8221; shape=&#8221;square&#8221; color=&#8221;white&#8221; link=&#8221;url:%23||&#8221;][\/vc_column][\/vc_row][vc_row][vc_column][vc_empty_space height=&#8221;70px&#8221;][\/vc_column][\/vc_row]<\/p>\n<\/section>","protected":false},"excerpt":{"rendered":"<p>[vc_row css=&#8221;.vc_custom_1433564201242{margin-top: 20px !important;margin-bottom: 70px !important;}&#8221;][vc_column width=&#8221;1\/4&#8243;][vc_column_text][vc_widget_sidebar sidebar_id=&#8221;sidebar&#8221;][\/vc_column_text][\/vc_column][vc_column width=&#8221;3\/4&#8243;][vc_custom_heading text=&#8221;O nama&#8221; font_container=&#8221;tag:h2|font_size:20|text_align:left|color:%23111111&#8243; el_class=&#8221;heading-title-3&#8243;][vc_column_text]Bosilj d.o.o. je obiteljska tvrtka registrirana 2006. godine kao rezultat dugogodi\u0161njeg majstorskog iskustva svojih osniva\u010da. U vlasni\u0161tvu je bra\u0107e Krunoslava i Stjepana Bosilj sa podjednakim udjelima u imovini. Dosada\u0161nje iskustvo i trendovi tr\u017ei\u0161ta zahtijevaju usavr\u0161avanje i \u0161kolovanje na\u0161ih zaposlenika u radu s najnovijim [&hellip;]<\/p>\n","protected":false},"author":1,"featured_media":0,"parent":0,"menu_order":0,"comment_status":"closed","ping_status":"closed","template":"","meta":{"footnotes":""},"class_list":["post-61","page","type-page","status-publish","hentry"],"_links":{"self":[{"href":"https:\/\/bosilj-krovista.hr\/index.php\/wp-json\/wp\/v2\/pages\/61","targetHints":{"allow":["GET"]}}],"collection":[{"href":"https:\/\/bosilj-krovista.hr\/index.php\/wp-json\/wp\/v2\/pages"}],"about":[{"href":"https:\/\/bosilj-krovista.hr\/index.php\/wp-json\/wp\/v2\/types\/page"}],"author":[{"embeddable":true,"href":"https:\/\/bosilj-krovista.hr\/index.php\/wp-json\/wp\/v2\/users\/1"}],"replies":[{"embeddable":true,"href":"https:\/\/bosilj-krovista.hr\/index.php\/wp-json\/wp\/v2\/comments?post=61"}],"version-history":[{"count":10,"href":"https:\/\/bosilj-krovista.hr\/index.php\/wp-json\/wp\/v2\/pages\/61\/revisions"}],"predecessor-version":[{"id":75548,"href":"https:\/\/bosilj-krovista.hr\/index.php\/wp-json\/wp\/v2\/pages\/61\/revisions\/75548"}],"wp:attachment":[{"href":"https:\/\/bosilj-krovista.hr\/index.php\/wp-json\/wp\/v2\/media?parent=61"}],"curies":[{"name":"wp","href":"https:\/\/api.w.org\/{rel}","templated":true}]}}