{"id":74019,"date":"2015-05-28T16:34:02","date_gmt":"2015-05-28T09:34:02","guid":{"rendered":"http:\/\/vietcao.local\/structure\/?page_id=74019"},"modified":"2021-01-09T13:35:09","modified_gmt":"2021-01-09T13:35:09","slug":"pricing","status":"publish","type":"page","link":"https:\/\/bosilj-krovista.hr\/index.php\/company\/pricing\/","title":{"rendered":"Pricing"},"content":{"rendered":"<section class=\"wpb-content-wrapper\"><p>[vc_row css=&#8221;.vc_custom_1433565737539{margin-top: 20px !important;margin-bottom: 30px !important;}&#8221;][vc_column width=&#8221;1\/4&#8243;][vc_column_text][vc_widget_sidebar sidebar_id=&#8221;sidebar&#8221;][\/vc_column_text][\/vc_column][vc_column width=&#8221;3\/4&#8243;][vc_column_text css=&#8221;.vc_custom_1610199247950{margin-bottom: 30px !important;}&#8221;]Svim na\u0161im budu\u0107im klijentima koji nas kontaktiraju putem web stranica osiguravamo dodatni popust u iznosu od 5% u slu\u010daju dogovorenog posla.<br \/>\nIskoristite jedinstvenu priliku i dodatno u\u0161tedite.<\/p>\n<div id=\"gtx-trans\" style=\"position: absolute; left: -32px; top: 38px;\">\n<div class=\"gtx-trans-icon\"><\/div>\n<\/div>\n<p>[\/vc_column_text][vc_custom_heading text=&#8221;OKVIRNI INFO O CIJENAMA&#8221; font_container=&#8221;tag:h2|font_size:20|text_align:left&#8221; el_class=&#8221;heading-title-3&#8243; css=&#8221;.vc_custom_1610199302549{margin-top: 0px !important;}&#8221;][vc_column_text css=&#8221;.vc_custom_1433216207643{margin-bottom: 30px !important;}&#8221;]Below is our quote for each service we offer. Please feel free to contact us if you have any question or concern.[\/vc_column_text][vc_row_inner el_class=&#8221;price-table price-table-2 align-center&#8221;][vc_column_inner width=&#8221;1\/3&#8243;][vc_column_text el_class=&#8221;price&#8221;]<\/p>\n<h3>JUST CHECKING<\/h3>\n<h4>$20<\/h4>\n<p><em>\/ONCE<\/em>[\/vc_column_text][vc_column_text el_class=&#8221;price-content&#8221;]General contractingPre-construction servicesConstruction consultingProgram managementConstruction managementDesign-buildConcrete construction[\/vc_column_text][vc_btn title=&#8221;ORDER NOW&#8221; style=&#8221;outline&#8221; shape=&#8221;square&#8221;][\/vc_column_inner][vc_column_inner width=&#8221;1\/3&#8243;][vc_column_text el_class=&#8221;price price-active&#8221;]<\/p>\n<h3>MAINTENACE<\/h3>\n<h4>$120<\/h4>\n<p><em>\/MONTHLY<\/em>[\/vc_column_text][vc_column_text el_class=&#8221;price-content&#8221;]General contractingPre-construction servicesConstruction consultingProgram managementConstruction managementDesign-buildConcrete construction[\/vc_column_text][vc_btn title=&#8221;ORDER NOW&#8221; style=&#8221;outline&#8221; shape=&#8221;square&#8221;][\/vc_column_inner][vc_column_inner width=&#8221;1\/3&#8243;][vc_column_text el_class=&#8221;price&#8221;]<\/p>\n<h3>ADD INSURANCE<\/h3>\n<h4>$75<\/h4>\n<p>\/YEARLY[\/vc_column_text][vc_column_text el_class=&#8221;price-content&#8221;]General contractingPre-construction servicesConstruction consultingProgram managementConstruction managementDesign-buildConcrete construction[\/vc_column_text][vc_btn title=&#8221;ORDER NOW&#8221; style=&#8221;outline&#8221; shape=&#8221;square&#8221;][\/vc_column_inner][\/vc_row_inner][\/vc_column][\/vc_row][vc_row el_class=&#8221;intro4 align-center min-box&#8221; full_width=&#8221;stretch_row_content&#8221; css=&#8221;.vc_custom_1610194287609{margin-bottom: 0px !important;background-color: #dd3333 !important;}&#8221;][vc_column width=&#8221;2\/3&#8243;][vc_custom_heading text=&#8221;Trebate vrhunskog izvo\u0111a\u010da krovopokriva\u010dkih radova?&#8221; font_container=&#8221;tag:h3|font_size:22|text_align:center|color:%23ffffff&#8221;][\/vc_column][vc_column width=&#8221;1\/3&#8243;][vc_btn title=&#8221;Na\u0161li ste ga! Zatra\u017eite ponudu!&#8221; style=&#8221;outline&#8221; shape=&#8221;square&#8221; color=&#8221;white&#8221; link=&#8221;url:%23||&#8221;][\/vc_column][\/vc_row][vc_row][vc_column][vc_empty_space height=&#8221;70px&#8221;][\/vc_column][\/vc_row]<\/p>\n<\/section>","protected":false},"excerpt":{"rendered":"<p>[vc_row css=&#8221;.vc_custom_1433565737539{margin-top: 20px !important;margin-bottom: 30px !important;}&#8221;][vc_column width=&#8221;1\/4&#8243;][vc_column_text][vc_widget_sidebar sidebar_id=&#8221;sidebar&#8221;][\/vc_column_text][\/vc_column][vc_column width=&#8221;3\/4&#8243;][vc_column_text css=&#8221;.vc_custom_1610199247950{margin-bottom: 30px !important;}&#8221;]Svim na\u0161im budu\u0107im klijentima koji nas kontaktiraju putem web stranica osiguravamo dodatni popust u iznosu od 5% u slu\u010daju dogovorenog posla. Iskoristite jedinstvenu priliku i dodatno u\u0161tedite. [\/vc_column_text][vc_custom_heading text=&#8221;OKVIRNI INFO O CIJENAMA&#8221; font_container=&#8221;tag:h2|font_size:20|text_align:left&#8221; el_class=&#8221;heading-title-3&#8243; css=&#8221;.vc_custom_1610199302549{margin-top: 0px !important;}&#8221;][vc_column_text css=&#8221;.vc_custom_1433216207643{margin-bottom: 30px !important;}&#8221;]Below is our quote for [&hellip;]<\/p>\n","protected":false},"author":1,"featured_media":0,"parent":61,"menu_order":0,"comment_status":"closed","ping_status":"closed","template":"","meta":{"footnotes":""},"class_list":["post-74019","page","type-page","status-publish","hentry"],"_links":{"self":[{"href":"https:\/\/bosilj-krovista.hr\/index.php\/wp-json\/wp\/v2\/pages\/74019","targetHints":{"allow":["GET"]}}],"collection":[{"href":"https:\/\/bosilj-krovista.hr\/index.php\/wp-json\/wp\/v2\/pages"}],"about":[{"href":"https:\/\/bosilj-krovista.hr\/index.php\/wp-json\/wp\/v2\/types\/page"}],"author":[{"embeddable":true,"href":"https:\/\/bosilj-krovista.hr\/index.php\/wp-json\/wp\/v2\/users\/1"}],"replies":[{"embeddable":true,"href":"https:\/\/bosilj-krovista.hr\/index.php\/wp-json\/wp\/v2\/comments?post=74019"}],"version-history":[{"count":3,"href":"https:\/\/bosilj-krovista.hr\/index.php\/wp-json\/wp\/v2\/pages\/74019\/revisions"}],"predecessor-version":[{"id":75369,"href":"https:\/\/bosilj-krovista.hr\/index.php\/wp-json\/wp\/v2\/pages\/74019\/revisions\/75369"}],"up":[{"embeddable":true,"href":"https:\/\/bosilj-krovista.hr\/index.php\/wp-json\/wp\/v2\/pages\/61"}],"wp:attachment":[{"href":"https:\/\/bosilj-krovista.hr\/index.php\/wp-json\/wp\/v2\/media?parent=74019"}],"curies":[{"name":"wp","href":"https:\/\/api.w.org\/{rel}","templated":true}]}}