{"id":74026,"date":"2015-05-28T16:56:09","date_gmt":"2015-05-28T09:56:09","guid":{"rendered":"http:\/\/vietcao.local\/structure\/?page_id=74026"},"modified":"2021-01-09T18:38:13","modified_gmt":"2021-01-09T18:38:13","slug":"faq","status":"publish","type":"page","link":"https:\/\/bosilj-krovista.hr\/index.php\/company\/faq\/","title":{"rendered":"FAQ"},"content":{"rendered":"<section class=\"wpb-content-wrapper\"><p>[vc_row css=&#8221;.vc_custom_1433565338852{margin-top: 20px !important;margin-bottom: 70px !important;}&#8221;][vc_column width=&#8221;1\/4&#8243;][vc_column_text][vc_widget_sidebar sidebar_id=&#8221;sidebar&#8221;][\/vc_column_text][\/vc_column][vc_column width=&#8221;3\/4&#8243;][vc_custom_heading text=&#8221;IZDVOJENI RADOVI&#8221; font_container=&#8221;tag:h2|font_size:20|text_align:left&#8221; el_class=&#8221;heading-title-3&#8243;][vc_column_text]Kvalitetno izvedena krovna konstrukcija i pedantno obavljeni krovopokriva\u010dki radovi osiguravaju krov nad glavom i osnova su sretnog doma. Svakim poslom pove\u0107avamo brojku zadovoljnih korisnika na\u0161ih usluga i dugoro\u010dno im osiguravamo pouzdan krov nad glavom.<\/p>\n<p>Navedimo samo neke&#8230;<\/p>\n<p>Odradili smo na stotine poslova diljem Republike Hrvatske. Me\u0111u njima je, naravno, najvi\u0161e bilo klijenata koji su koristili na\u0161e usluge na svojim privatnim objektima. Ne\u0107emo ovdje nabrajati obiteljske ku\u0107e, ljetnikovce i vikendice kojih je bilo pregr\u0161t, ve\u0107 spomenimo samo nekoliko drugih objekata na kojima smo radili:<\/p>\n<p>\u2022 mini mljekara Oto\u010dac<br \/>\n\u2022 Uslu\u017ena uljara \u017dupani\u0107, Vidovec<br \/>\n\u2022 trgovine Lupres d.o.o.<br \/>\n\u2022 Poliklinika dentalne medicine Danijela Benkus Ivanec<br \/>\n\u2022 Stara \u0161kola Pata\u010di\u0107, Vinica brijeg<br \/>\n\u2022 Dru\u0161tveni dom Pe\u0161\u010denica<br \/>\n\u2022 Dom kulture Jal\u017eabet<br \/>\n\u2022 Drvene konstrukcije na hotelima &#8220;Sol Garden Istra&#8221; Umag<br \/>\n\u2022 Pergole i terase &#8220;Stella Maris&#8221; Umag<br \/>\n\u2022 NK Budu\u0107nost Vidovec<br \/>\n\u2022 &#8230;[\/vc_column_text][\/vc_column][\/vc_row][vc_row el_class=&#8221;intro4 align-center min-box&#8221; full_width=&#8221;stretch_row_content&#8221; css=&#8221;.vc_custom_1610194287609{margin-bottom: 0px !important;background-color: #dd3333 !important;}&#8221;][vc_column width=&#8221;2\/3&#8243;][vc_custom_heading text=&#8221;Trebate vrhunskog izvo\u0111a\u010da krovopokriva\u010dkih radova?&#8221; font_container=&#8221;tag:h3|font_size:22|text_align:center|color:%23ffffff&#8221;][\/vc_column][vc_column width=&#8221;1\/3&#8243;][vc_btn title=&#8221;Na\u0161li ste ga! Zatra\u017eite ponudu!&#8221; style=&#8221;outline&#8221; shape=&#8221;square&#8221; color=&#8221;white&#8221; link=&#8221;url:%23||&#8221;][\/vc_column][\/vc_row][vc_row][vc_column][vc_empty_space height=&#8221;70px&#8221;][\/vc_column][\/vc_row]<\/p>\n<\/section>","protected":false},"excerpt":{"rendered":"<p>[vc_row css=&#8221;.vc_custom_1433565338852{margin-top: 20px !important;margin-bottom: 70px !important;}&#8221;][vc_column width=&#8221;1\/4&#8243;][vc_column_text][vc_widget_sidebar sidebar_id=&#8221;sidebar&#8221;][\/vc_column_text][\/vc_column][vc_column width=&#8221;3\/4&#8243;][vc_custom_heading text=&#8221;IZDVOJENI RADOVI&#8221; font_container=&#8221;tag:h2|font_size:20|text_align:left&#8221; el_class=&#8221;heading-title-3&#8243;][vc_column_text]Kvalitetno izvedena krovna konstrukcija i pedantno obavljeni krovopokriva\u010dki radovi osiguravaju krov nad glavom i osnova su sretnog doma. Svakim poslom pove\u0107avamo brojku zadovoljnih korisnika na\u0161ih usluga i dugoro\u010dno im osiguravamo pouzdan krov nad glavom. Navedimo samo neke&#8230; Odradili smo na stotine poslova diljem [&hellip;]<\/p>\n","protected":false},"author":1,"featured_media":0,"parent":61,"menu_order":0,"comment_status":"closed","ping_status":"closed","template":"","meta":{"footnotes":""},"class_list":["post-74026","page","type-page","status-publish","hentry"],"_links":{"self":[{"href":"https:\/\/bosilj-krovista.hr\/index.php\/wp-json\/wp\/v2\/pages\/74026","targetHints":{"allow":["GET"]}}],"collection":[{"href":"https:\/\/bosilj-krovista.hr\/index.php\/wp-json\/wp\/v2\/pages"}],"about":[{"href":"https:\/\/bosilj-krovista.hr\/index.php\/wp-json\/wp\/v2\/types\/page"}],"author":[{"embeddable":true,"href":"https:\/\/bosilj-krovista.hr\/index.php\/wp-json\/wp\/v2\/users\/1"}],"replies":[{"embeddable":true,"href":"https:\/\/bosilj-krovista.hr\/index.php\/wp-json\/wp\/v2\/comments?post=74026"}],"version-history":[{"count":2,"href":"https:\/\/bosilj-krovista.hr\/index.php\/wp-json\/wp\/v2\/pages\/74026\/revisions"}],"predecessor-version":[{"id":75412,"href":"https:\/\/bosilj-krovista.hr\/index.php\/wp-json\/wp\/v2\/pages\/74026\/revisions\/75412"}],"up":[{"embeddable":true,"href":"https:\/\/bosilj-krovista.hr\/index.php\/wp-json\/wp\/v2\/pages\/61"}],"wp:attachment":[{"href":"https:\/\/bosilj-krovista.hr\/index.php\/wp-json\/wp\/v2\/media?parent=74026"}],"curies":[{"name":"wp","href":"https:\/\/api.w.org\/{rel}","templated":true}]}}