{"id":75465,"date":"2021-04-02T08:40:37","date_gmt":"2021-04-02T08:40:37","guid":{"rendered":"https:\/\/bosilj-krovista.hr\/?page_id=75465"},"modified":"2021-04-02T08:47:59","modified_gmt":"2021-04-02T08:47:59","slug":"drvene-kuce","status":"publish","type":"page","link":"https:\/\/bosilj-krovista.hr\/index.php\/services\/drvene-kuce\/","title":{"rendered":"Drvene ku\u0107e"},"content":{"rendered":"<section class=\"wpb-content-wrapper\"><p>[vc_row el_class=&#8221;big-quote-2&#8243; css=&#8221;.vc_custom_1433555422821{margin-bottom: 30px !important;}&#8221;][vc_column][vc_column_text]Drvene ku\u0107e \u2013 Brunarice &#8211; BSH Lamelirano drvo \u2013 drvo moderne gradnje (ne savija se, ne puca, vrlo stabilnih karakteristika)[\/vc_column_text][\/vc_column][\/vc_row][vc_row css=&#8221;.vc_custom_1433128555329{margin-bottom: 50px !important;}&#8221;][vc_column][vc_images_carousel images=&#8221;75466,75467,75468,75469,75470,75471,75472,75473,75474,75475,75476,75477,75478,75479,75480,75481,75482,75483,75484&#8243; img_size=&#8221;870&#215;460&#8243; onclick=&#8221;link_no&#8221; speed=&#8221;3000&#8243; autoplay=&#8221;yes&#8221; wrap=&#8221;yes&#8221; el_class=&#8221;images-carousel-2&#8243;][\/vc_column][\/vc_row][vc_row css=&#8221;.vc_custom_1433128525365{margin-top: 0px !important;margin-bottom: 40px !important;}&#8221;][vc_column][vc_custom_heading text=&#8221;Karakteristike&#8221; font_container=&#8221;tag:h2|font_size:20|text_align:left&#8221; el_class=&#8221;heading-title-3&#8243;][vc_column_text]Brunarice odn brvnare su antialergijske ku\u0107e, drvo kao materijal ne stvara stati\u010dki elektricitet pa su samim tim prostori bez pra\u0161ine, pau\u010dine, vlage i drugih mikroorganizama \u0161tetnih po ljudsko zdravlje.<\/p>\n<p>Drvene ku\u0107e su nisko-energetske i imaju odli\u010dna termi\u010dka svojstva. Na primjer zid od su\u0161ene smreke debljine 7cm ima identi\u010dnu termo-provodljivost kao zid od pune opeke debljine 25cm, ili kao zid od betona debljine 45cm. U na\u0161im ku\u0107ama se grije sa vrlo malom koli\u010dinom energije.<\/p>\n<p>Svaka na\u0161a ku\u0107a je malo umjetni\u010dko djelo nastalo udru\u017eenim radom ma\u0161tovitih projektanata, vje\u0161tih in\u017eenjera i radnika, spretnih montera.Svaka ku\u0107a je individualni projekt prilago\u0111en \u017eeljama i potrebama investitora , njegovim \u017eivotnim navikama i financijskim mogu\u0107nostima. Trudimo se da maksimalno bude uklopljena u prirodno okru\u017eenje.<\/p>\n<p>[\/vc_column_text][\/vc_column][\/vc_row]<\/p>\n<\/section>","protected":false},"excerpt":{"rendered":"<p>[vc_row el_class=&#8221;big-quote-2&#8243; css=&#8221;.vc_custom_1433555422821{margin-bottom: 30px !important;}&#8221;][vc_column][vc_column_text]Drvene ku\u0107e \u2013 Brunarice &#8211; BSH Lamelirano drvo \u2013 drvo moderne gradnje (ne savija se, ne puca, vrlo stabilnih karakteristika)[\/vc_column_text][\/vc_column][\/vc_row][vc_row css=&#8221;.vc_custom_1433128555329{margin-bottom: 50px !important;}&#8221;][vc_column][vc_images_carousel images=&#8221;75466,75467,75468,75469,75470,75471,75472,75473,75474,75475,75476,75477,75478,75479,75480,75481,75482,75483,75484&#8243; img_size=&#8221;870&#215;460&#8243; onclick=&#8221;link_no&#8221; speed=&#8221;3000&#8243; autoplay=&#8221;yes&#8221; wrap=&#8221;yes&#8221; el_class=&#8221;images-carousel-2&#8243;][\/vc_column][\/vc_row][vc_row css=&#8221;.vc_custom_1433128525365{margin-top: 0px !important;margin-bottom: 40px !important;}&#8221;][vc_column][vc_custom_heading text=&#8221;Karakteristike&#8221; font_container=&#8221;tag:h2|font_size:20|text_align:left&#8221; el_class=&#8221;heading-title-3&#8243;][vc_column_text]Brunarice odn brvnare su antialergijske ku\u0107e, drvo kao materijal ne stvara stati\u010dki elektricitet pa [&hellip;]<\/p>\n","protected":false},"author":1,"featured_media":0,"parent":59,"menu_order":0,"comment_status":"closed","ping_status":"closed","template":"","meta":{"footnotes":""},"class_list":["post-75465","page","type-page","status-publish","hentry"],"_links":{"self":[{"href":"https:\/\/bosilj-krovista.hr\/index.php\/wp-json\/wp\/v2\/pages\/75465","targetHints":{"allow":["GET"]}}],"collection":[{"href":"https:\/\/bosilj-krovista.hr\/index.php\/wp-json\/wp\/v2\/pages"}],"about":[{"href":"https:\/\/bosilj-krovista.hr\/index.php\/wp-json\/wp\/v2\/types\/page"}],"author":[{"embeddable":true,"href":"https:\/\/bosilj-krovista.hr\/index.php\/wp-json\/wp\/v2\/users\/1"}],"replies":[{"embeddable":true,"href":"https:\/\/bosilj-krovista.hr\/index.php\/wp-json\/wp\/v2\/comments?post=75465"}],"version-history":[{"count":5,"href":"https:\/\/bosilj-krovista.hr\/index.php\/wp-json\/wp\/v2\/pages\/75465\/revisions"}],"predecessor-version":[{"id":75492,"href":"https:\/\/bosilj-krovista.hr\/index.php\/wp-json\/wp\/v2\/pages\/75465\/revisions\/75492"}],"up":[{"embeddable":true,"href":"https:\/\/bosilj-krovista.hr\/index.php\/wp-json\/wp\/v2\/pages\/59"}],"wp:attachment":[{"href":"https:\/\/bosilj-krovista.hr\/index.php\/wp-json\/wp\/v2\/media?parent=75465"}],"curies":[{"name":"wp","href":"https:\/\/api.w.org\/{rel}","templated":true}]}}